{"id":154,"date":"2021-05-07T15:47:04","date_gmt":"2021-05-07T13:47:04","guid":{"rendered":"https:\/\/nomabasel.ch\/?page_id=154"},"modified":"2026-02-06T20:28:20","modified_gmt":"2026-02-06T19:28:20","slug":"about","status":"publish","type":"page","link":"https:\/\/nomabasel.ch\/en\/about\/","title":{"rendered":"About"},"content":{"rendered":"<div data-elementor-type=\"wp-page\" data-elementor-id=\"154\" class=\"elementor elementor-154\" data-elementor-post-type=\"page\">\n\t\t\t\t<div class=\"elementor-element elementor-element-71a033c e-con-full e-flex e-con e-parent\" data-id=\"71a033c\" data-element_type=\"container\" data-e-type=\"container\" data-settings=\"{&quot;background_background&quot;:&quot;classic&quot;}\">\n\t\t<div class=\"elementor-element elementor-element-3db9f5d e-con-full e-flex e-con e-child\" data-id=\"3db9f5d\" data-element_type=\"container\" data-e-type=\"container\" data-settings=\"{&quot;background_background&quot;:&quot;classic&quot;}\">\n\t\t\t\t<div class=\"elementor-element elementor-element-8b4c877 elementor-widget elementor-widget-heading\" data-id=\"8b4c877\" data-element_type=\"widget\" data-e-type=\"widget\" data-widget_type=\"heading.default\">\n\t\t\t\t<div class=\"elementor-widget-container\">\n\t\t\t\t\t<h2 class=\"elementor-heading-title elementor-size-default\">Welcome<\/h2>\t\t\t\t<\/div>\n\t\t\t\t<\/div>\n\t\t\t\t<\/div>\n\t\t<div class=\"elementor-element elementor-element-997dca9 e-con-full e-flex e-con e-child\" data-id=\"997dca9\" data-element_type=\"container\" data-e-type=\"container\" data-settings=\"{&quot;position&quot;:&quot;absolute&quot;}\">\n\t\t\t\t<div class=\"elementor-element elementor-element-90a8890 elementor-hidden-phone elementor-widget elementor-widget-image\" data-id=\"90a8890\" data-element_type=\"widget\" data-e-type=\"widget\" data-widget_type=\"image.default\">\n\t\t\t\t<div class=\"elementor-widget-container\">\n\t\t\t\t\t\t\t\t\t\t\t\t\t\t\t\t<a href=\"\/en\/contact\/#reservation\">\n\t\t\t\t\t\t\t<img fetchpriority=\"high\" decoding=\"async\" width=\"283\" height=\"283\" src=\"https:\/\/nomabasel.ch\/wp-content\/uploads\/2026\/02\/noma-reservations.svg\" class=\"elementor-animation-grow attachment-large size-large wp-image-6256\" alt=\"\" \/>\t\t\t\t\t\t\t\t<\/a>\n\t\t\t\t\t\t\t\t\t\t\t\t\t\t\t<\/div>\n\t\t\t\t<\/div>\n\t\t\t\t<\/div>\n\t\t\t\t<\/div>\n\t\t<div class=\"elementor-element elementor-element-52a2d07 elementor-hidden-desktop elementor-hidden-tablet e-flex e-con-boxed e-con e-parent\" data-id=\"52a2d07\" data-element_type=\"container\" data-e-type=\"container\" data-settings=\"{&quot;background_background&quot;:&quot;classic&quot;}\">\n\t\t\t\t\t<div class=\"e-con-inner\">\n\t\t<div class=\"elementor-element elementor-element-228a265 e-con-full e-flex e-con e-child\" data-id=\"228a265\" data-element_type=\"container\" data-e-type=\"container\">\n\t\t\t\t<div class=\"elementor-element elementor-element-6909c34 elementor-align-center elementor-widget elementor-widget-button\" data-id=\"6909c34\" data-element_type=\"widget\" data-e-type=\"widget\" data-widget_type=\"button.default\">\n\t\t\t\t<div class=\"elementor-widget-container\">\n\t\t\t\t\t\t\t\t\t<div class=\"elementor-button-wrapper\">\n\t\t\t\t\t<a class=\"elementor-button elementor-button-link elementor-size-sm\" href=\"\/en\/contact\/#reservation\">\n\t\t\t\t\t\t<span class=\"elementor-button-content-wrapper\">\n\t\t\t\t\t\t\t\t\t<span class=\"elementor-button-text\">Reserve now<\/span>\n\t\t\t\t\t<\/span>\n\t\t\t\t\t<\/a>\n\t\t\t\t<\/div>\n\t\t\t\t\t\t\t\t<\/div>\n\t\t\t\t<\/div>\n\t\t\t\t<\/div>\n\t\t\t\t\t<\/div>\n\t\t\t\t<\/div>\n\t\t<div class=\"elementor-element elementor-element-6f0475f e-flex e-con-boxed e-con e-parent\" data-id=\"6f0475f\" data-element_type=\"container\" data-e-type=\"container\" data-settings=\"{&quot;background_background&quot;:&quot;classic&quot;}\">\n\t\t\t\t\t<div class=\"e-con-inner\">\n\t\t<div class=\"elementor-element elementor-element-a0d9614 e-con-full e-flex e-con e-child\" data-id=\"a0d9614\" data-element_type=\"container\" data-e-type=\"container\">\n\t\t\t\t<div class=\"elementor-element elementor-element-ccd1dcf elementor-widget elementor-widget-image\" data-id=\"ccd1dcf\" data-element_type=\"widget\" data-e-type=\"widget\" data-widget_type=\"image.default\">\n\t\t\t\t<div class=\"elementor-widget-container\">\n\t\t\t\t\t\t\t\t\t\t\t\t\t\t\t<img decoding=\"async\" width=\"350\" height=\"68\" src=\"https:\/\/nomabasel.ch\/wp-content\/uploads\/2021\/05\/Noma-horizontal-1.svg\" class=\"attachment-large size-large wp-image-6226\" alt=\"\" \/>\t\t\t\t\t\t\t\t\t\t\t\t\t\t\t<\/div>\n\t\t\t\t<\/div>\n\t\t\t\t<div class=\"elementor-element elementor-element-f1fc007 elementor-widget elementor-widget-heading\" data-id=\"f1fc007\" data-element_type=\"widget\" data-e-type=\"widget\" data-widget_type=\"heading.default\">\n\t\t\t\t<div class=\"elementor-widget-container\">\n\t\t\t\t\t<h2 class=\"elementor-heading-title elementor-size-default\">\u4e00\u671f\u4e00\u4f1a <\/br>\nIchi-go ichi-e <\/br>\n\u201eEvery encounter is unique.\"<\/h2>\t\t\t\t<\/div>\n\t\t\t\t<\/div>\n\t\t\t\t<div class=\"elementor-element elementor-element-d404a1f elementor-widget-divider--view-line elementor-widget elementor-widget-divider\" data-id=\"d404a1f\" data-element_type=\"widget\" data-e-type=\"widget\" data-widget_type=\"divider.default\">\n\t\t\t\t<div class=\"elementor-widget-container\">\n\t\t\t\t\t\t\t<div class=\"elementor-divider\">\n\t\t\t<span class=\"elementor-divider-separator\">\n\t\t\t\t\t\t<\/span>\n\t\t<\/div>\n\t\t\t\t\t\t<\/div>\n\t\t\t\t<\/div>\n\t\t\t\t<div class=\"elementor-element elementor-element-149c312 elementor-widget elementor-widget-text-editor\" data-id=\"149c312\" data-element_type=\"widget\" data-e-type=\"widget\" data-widget_type=\"text-editor.default\">\n\t\t\t\t<div class=\"elementor-widget-container\">\n\t\t\t\t\t\t\t\t\t<p>Represents a modern expression of Japanese excellence. Rooted in the tradition of refined hospitality, we combine precise service, contemporary design and exceptional culinary craftsmanship.<\/p><p>Our cuisine is complemented by expertly crafted cocktails, premium spirits and a distinctive, globally curated wine selection.<\/p><p>We are a destination for discerning guests, where elegance, artistry, and modern luxury come together in a truly memorable experience.<\/p>\t\t\t\t\t\t\t\t<\/div>\n\t\t\t\t<\/div>\n\t\t\t\t<\/div>\n\t\t\t\t\t<\/div>\n\t\t\t\t<\/div>\n\t\t<div class=\"elementor-element elementor-element-bbb63a6 e-flex e-con-boxed e-con e-parent\" data-id=\"bbb63a6\" data-element_type=\"container\" data-e-type=\"container\" data-settings=\"{&quot;background_background&quot;:&quot;classic&quot;}\">\n\t\t\t\t\t<div class=\"e-con-inner\">\n\t\t<div class=\"elementor-element elementor-element-d254631 e-con-full e-flex e-con e-child\" data-id=\"d254631\" data-element_type=\"container\" data-e-type=\"container\">\n\t\t\t\t<\/div>\n\t\t\t\t\t<\/div>\n\t\t\t\t<\/div>\n\t\t\t\t<\/div>","protected":false},"excerpt":{"rendered":"<p>Welcome Jetzt Reservieren \u4e00\u671f\u4e00\u4f1a Ichi-go ichi-e \u201eJede Begegnung ist einmalig.\u201c Steht f\u00fcr eine moderne Interpretation japanischer Exzellenz. Inspiriert von der Tradition au\u00dfergew\u00f6hnlicher Gastfreundschaft vereinen wir pr\u00e4zisen Service, modernes Design und kulinarische Qualit\u00e4t. Unsere K\u00fcche wird begleitet von kunstvoll kreierten Cocktails, exklusiven Spirituosen und einer einzigartigen, international kuratierten Weinauswahl. Wir sind ein Ort f\u00fcr Genie\u00dfer, an [&hellip;]<\/p>\n","protected":false},"author":383,"featured_media":0,"parent":0,"menu_order":0,"comment_status":"closed","ping_status":"closed","template":"elementor_header_footer","meta":{"footnotes":""},"class_list":["post-154","page","type-page","status-publish","hentry"],"_links":{"self":[{"href":"https:\/\/nomabasel.ch\/en\/wp-json\/wp\/v2\/pages\/154","targetHints":{"allow":["GET"]}}],"collection":[{"href":"https:\/\/nomabasel.ch\/en\/wp-json\/wp\/v2\/pages"}],"about":[{"href":"https:\/\/nomabasel.ch\/en\/wp-json\/wp\/v2\/types\/page"}],"author":[{"embeddable":true,"href":"https:\/\/nomabasel.ch\/en\/wp-json\/wp\/v2\/users\/383"}],"replies":[{"embeddable":true,"href":"https:\/\/nomabasel.ch\/en\/wp-json\/wp\/v2\/comments?post=154"}],"version-history":[{"count":125,"href":"https:\/\/nomabasel.ch\/en\/wp-json\/wp\/v2\/pages\/154\/revisions"}],"predecessor-version":[{"id":6578,"href":"https:\/\/nomabasel.ch\/en\/wp-json\/wp\/v2\/pages\/154\/revisions\/6578"}],"wp:attachment":[{"href":"https:\/\/nomabasel.ch\/en\/wp-json\/wp\/v2\/media?parent=154"}],"curies":[{"name":"wp","href":"https:\/\/api.w.org\/{rel}","templated":true}]}}